{"id":628,"date":"2026-03-14T10:19:51","date_gmt":"2026-03-14T09:19:51","guid":{"rendered":"https:\/\/algardens.cz\/?page_id=628"},"modified":"2026-03-20T21:39:42","modified_gmt":"2026-03-20T20:39:42","slug":"prihlaseni-b2b","status":"publish","type":"page","link":"https:\/\/algardens.cz\/en\/prihlaseni-b2b\/","title":{"rendered":"P\u0159ihl\u00e1\u0161en\u00ed B2B"},"content":{"rendered":"","protected":true},"excerpt":{"rendered":"","protected":true},"author":1,"featured_media":0,"parent":0,"menu_order":0,"comment_status":"closed","ping_status":"closed","template":"page-with-title","meta":{"om_disable_all_campaigns":false,"_monsterinsights_skip_tracking":false,"_monsterinsights_sitenote_active":false,"_monsterinsights_sitenote_note":"","_monsterinsights_sitenote_category":0,"_uf_show_specific_survey":0,"_uf_disable_surveys":false,"footnotes":""},"class_list":["post-628","page","type-page","status-publish","post-password-required","hentry"],"aioseo_notices":[],"_links":{"self":[{"href":"https:\/\/algardens.cz\/en\/wp-json\/wp\/v2\/pages\/628","targetHints":{"allow":["GET"]}}],"collection":[{"href":"https:\/\/algardens.cz\/en\/wp-json\/wp\/v2\/pages"}],"about":[{"href":"https:\/\/algardens.cz\/en\/wp-json\/wp\/v2\/types\/page"}],"author":[{"embeddable":true,"href":"https:\/\/algardens.cz\/en\/wp-json\/wp\/v2\/users\/1"}],"replies":[{"embeddable":true,"href":"https:\/\/algardens.cz\/en\/wp-json\/wp\/v2\/comments?post=628"}],"version-history":[{"count":21,"href":"https:\/\/algardens.cz\/en\/wp-json\/wp\/v2\/pages\/628\/revisions"}],"predecessor-version":[{"id":987,"href":"https:\/\/algardens.cz\/en\/wp-json\/wp\/v2\/pages\/628\/revisions\/987"}],"wp:attachment":[{"href":"https:\/\/algardens.cz\/en\/wp-json\/wp\/v2\/media?parent=628"}],"curies":[{"name":"wp","href":"https:\/\/api.w.org\/{rel}","templated":true}]}}