{"id":558,"date":"2026-03-07T16:07:22","date_gmt":"2026-03-07T15:07:22","guid":{"rendered":"https:\/\/algardens.cz\/?page_id=558"},"modified":"2026-03-17T12:10:13","modified_gmt":"2026-03-17T11:10:13","slug":"hlinikove-zahradni-zahony","status":"publish","type":"page","link":"https:\/\/algardens.cz\/en\/hlinikove-zahradni-zahony\/","title":{"rendered":"Hlin\u00edkov\u00e9 zahradn\u00ed z\u00e1hony"},"content":{"rendered":"<div class=\"wp-block-group alignfull is-style-ext-preset--group--natural-1--section ext-animate--on has-background has-global-padding is-layout-constrained wp-block-group-is-layout-constrained\" style=\"background-color:#202020;margin-top:0;margin-bottom:0;padding-top:var(--wp--preset--spacing--30);padding-bottom:var(--wp--preset--spacing--30)\">\n<div class=\"wp-block-columns alignwide are-vertically-aligned-center ext-animate--on is-layout-flex wp-container-core-columns-is-layout-174606dc wp-block-columns-is-layout-flex\">\n<div class=\"wp-block-column is-vertically-aligned-center ext-animate--on is-layout-flow wp-block-column-is-layout-flow\">\n<div class=\"wp-block-columns ext-animate--on is-layout-flex wp-container-core-columns-is-layout-ea69a204 wp-block-columns-is-layout-flex\">\n<div class=\"wp-block-column ext-animate--on is-layout-flow wp-block-column-is-layout-flow\">\n<div class=\"wp-block-cover is-style-ext-preset--image--natural-1--image-1--content-right ext-animate--on is-style-ext-preset--image--natural-1--image-1--content-right--2\" style=\"padding-top:0;padding-bottom:0;min-height:100%;aspect-ratio:unset;\"><img loading=\"lazy\" decoding=\"async\" width=\"1536\" height=\"1024\" class=\"wp-block-cover__image-background wp-image-517 size-full\" alt=\"\" src=\"https:\/\/algardens.cz\/wp-content\/uploads\/2026\/03\/20260306_0853_Image-Generation_simple_compose_01kk125dhkf1pv29cppxt5m8hj.png\" data-object-fit=\"cover\" srcset=\"https:\/\/algardens.cz\/wp-content\/uploads\/2026\/03\/20260306_0853_Image-Generation_simple_compose_01kk125dhkf1pv29cppxt5m8hj.png 1536w, https:\/\/algardens.cz\/wp-content\/uploads\/2026\/03\/20260306_0853_Image-Generation_simple_compose_01kk125dhkf1pv29cppxt5m8hj-300x200.png 300w, https:\/\/algardens.cz\/wp-content\/uploads\/2026\/03\/20260306_0853_Image-Generation_simple_compose_01kk125dhkf1pv29cppxt5m8hj-1024x683.png 1024w, https:\/\/algardens.cz\/wp-content\/uploads\/2026\/03\/20260306_0853_Image-Generation_simple_compose_01kk125dhkf1pv29cppxt5m8hj-768x512.png 768w, https:\/\/algardens.cz\/wp-content\/uploads\/2026\/03\/20260306_0853_Image-Generation_simple_compose_01kk125dhkf1pv29cppxt5m8hj-18x12.png 18w\" sizes=\"auto, (max-width: 1536px) 100vw, 1536px\" \/><span aria-hidden=\"true\" class=\"wp-block-cover__background has-background-dim-0 has-background-dim\" style=\"background-color:#7e7665\"><\/span><div class=\"wp-block-cover__inner-container is-layout-flow wp-block-cover-is-layout-flow\">\n<div style=\"height:357px\" aria-hidden=\"true\" class=\"wp-block-spacer ext-animate--on\"><\/div>\n<\/div><\/div>\n<\/div>\n<\/div>\n<\/div>\n\n\n\n<div class=\"wp-block-column is-vertically-aligned-center ext-animate--on is-layout-flow wp-block-column-is-layout-flow\">\n<h2 class=\"wp-block-heading ext-animate--on\">Origin\u00e1ln\u00ed hlin\u00edkov\u00fd zahradn\u00ed z\u00e1hon<\/h2>\n\n\n\n<p class=\"ext-animate--on\" style=\"margin-top:1.5rem\">Na\u0161e vyv\u00fd\u0161en\u00e9 hlin\u00edkov\u00e9 z\u00e1hony spojuj\u00ed modern\u00ed design s prakti\u010dnost\u00ed, poskytuj\u00ed ide\u00e1ln\u00ed prostor pro p\u011bstov\u00e1n\u00ed rostlin s dlouhou \u017eivotnost\u00ed a snadnou \u00fadr\u017ebou. D\u00edky hlin\u00edkov\u00fdm materi\u00e1l\u016fm a promy\u0161len\u00e9 konstrukci jsou naprosto <strong>bez\u00fadr\u017ebov\u00e9<\/strong> a zvy\u0161uj\u00ed radost z p\u00e9\u010de o Va\u0161i zahradu.<\/p>\n\n\n\n<ul class=\"wp-block-list ext-animate--on\">\n<li class=\"ext-animate--on\">Hlin\u00edkov\u00fd r\u00e1m a profily<\/li>\n\n\n\n<li class=\"ext-animate--on\">\u0158ada pr\u00e9mium byKubajz nab\u00edz\u00ed p\u0159ipravenou integrovanou z\u00e1vlahu<\/li>\n\n\n\n<li class=\"ext-animate--on\">V\u00fdb\u011br z cel\u00e9ho RAL vzorn\u00edku v\u010detn\u011b d\u0159evodekor\u016f<\/li>\n\n\n\n<li class=\"ext-animate--on\">T\u00e9m\u011b\u0159 neomezen\u00e1 variabilita &#8211; v\u00fdroba na m\u00edru se p\u0159izp\u016fsob\u00ed Va\u0161emu p\u0159\u00e1n\u00ed<\/li>\n<\/ul>\n\n\n\n<div class=\"verd-project-cta-component\" style=\"display: inline-block; isolation: isolate;\">\n  <style>\n    .verd-cta-btn {\n      --color-copper: #C17F59;\n      --color-copper-light: #D4A07A;\n      --color-gold: #C9A96E;\n      --color-bg: #0F0F0E;\n      --color-cream: #F5F0EB;\n      --ease-out-expo: cubic-bezier(0.16, 1, 0.3, 1);\n\n      position: relative;\n      display: inline-flex;\n      align-items: center;\n      justify-content: center;\n      padding: 0.75rem 1.8rem;\n      font-family: 'Inter', system-ui, sans-serif;\n      font-size: 0.75rem;\n      letter-spacing: 0.12em;\n      text-transform: uppercase;\n      font-weight: 500;\n      border-radius: 100px;\n      color: var(--color-cream);\n      text-decoration: none;\n      overflow: hidden;\n      transition: color 0.6s var(--ease-out-expo),\n        box-shadow 0.6s,\n        letter-spacing 0.6s var(--ease-out-expo),\n        transform 0.6s var(--ease-out-expo);\n      cursor: pointer;\n    }\n\n    \/* Spinning Gradient Border *\/\n    .verd-cta-btn::before {\n      content: '';\n      position: absolute;\n      top: 50%;\n      left: 50%;\n      width: 300%;\n      aspect-ratio: 1;\n      transform-origin: center;\n      background: conic-gradient(rgba(212, 160, 122, 0.7),\n          rgba(193, 127, 89, 0.25) 25%,\n          rgba(201, 169, 110, 0.6) 50%,\n          rgba(193, 127, 89, 0.25) 75%,\n          rgba(212, 160, 122, 0.7));\n      animation: verdBorderSpin 4s linear infinite;\n      z-index: -2;\n      transform: translate(-50%, -50%);\n    }\n\n    @keyframes verdBorderSpin {\n      from {\n        transform: translate(-50%, -50%) rotate(0deg);\n      }\n\n      to {\n        transform: translate(-50%, -50%) rotate(360deg);\n      }\n    }\n\n    \/* Inner Background Mask *\/\n    .verd-cta-btn::after {\n      content: '';\n      position: absolute;\n      inset: 1.5px;\n      border-radius: 100px;\n      background: var(--color-bg);\n      z-index: -1;\n      transition: background 0.6s;\n    }\n\n    \/* Shimmer Effect *\/\n    .verd-cta-shimmer {\n      position: absolute;\n      top: -50%;\n      left: -50%;\n      width: 40%;\n      height: 200%;\n      background: radial-gradient(ellipse at center, rgba(232, 184, 148, 0.35), transparent 70%);\n      animation: verdShimmer 3.5s ease-in-out infinite;\n      pointer-events: none;\n      z-index: 0;\n    }\n\n    @keyframes verdShimmer {\n      0% {\n        left: -50%;\n        opacity: 0;\n      }\n\n      15% {\n        opacity: 1;\n      }\n\n      50% {\n        left: 120%;\n        opacity: 1;\n      }\n\n      65% {\n        opacity: 0;\n      }\n\n      100% {\n        left: 120%;\n        opacity: 0;\n      }\n    }\n\n    \/* Hover States *\/\n    .verd-cta-btn:hover {\n      color: #fff;\n      box-shadow: 0 0 25px rgba(193, 127, 89, 0.25), 0 0 60px rgba(193, 127, 89, 0.1);\n      letter-spacing: 0.17em;\n      transform: translateY(-2px);\n    }\n\n    .verd-cta-btn:hover::before {\n      animation-duration: 2s;\n    }\n\n    .verd-cta-btn:hover::after {\n      background: rgba(25, 23, 20, 0.92);\n    }\n\n    .verd-cta-btn:hover .verd-cta-shimmer {\n      animation-duration: 1.8s;\n    }\n\n    .verd-cta-text {\n      position: relative;\n      z-index: 1;\n      display: flex;\n      align-items: center;\n      gap: 0.5rem;\n    }\n  <\/style>\n\n <a href=\"https:\/\/algardens.cz\/en\/kontakt\/\" class=\"verd-cta-btn\">\n  <i class=\"verd-cta-shimmer\"><\/i>\n  <span class=\"verd-cta-text\">\n    Nez\u00e1vazn\u00e1 popt\u00e1vka\n    <svg xmlns=\"http:\/\/www.w3.org\/2000\/svg\" width=\"14\" height=\"14\" viewbox=\"0 0 24 24\" fill=\"none\" stroke=\"currentColor\" stroke-width=\"2\" stroke-linecap=\"round\" stroke-linejoin=\"round\" style=\"transition: transform 0.4s var(--ease-out-expo);\">\n      <path d=\"M5 12h14m-7-7 7 7-7 7\"\/>\n    <\/svg>\n  <\/span>\n<\/a>\n  <script src=\"https:\/\/code.iconify.design\/3\/3.1.0\/iconify.min.js\"><\/script>\n<\/div>\n<\/div>\n<\/div>\n<\/div>\n\n\n\n<div class=\"wp-block-group alignfull is-style-ext-preset--group--natural-1--section ext-animate--on has-background has-global-padding is-layout-constrained wp-block-group-is-layout-constrained\" style=\"background-color:#202020;margin-top:0;margin-bottom:0;padding-top:var(--wp--preset--spacing--30);padding-bottom:var(--wp--preset--spacing--30)\">\n<div class=\"wp-block-group alignwide ext-is-logical-start ext-animate--on has-global-padding is-content-justification-left is-layout-constrained wp-container-core-group-is-layout-6729bdbe wp-block-group-is-layout-constrained\">\n<div class=\"wp-block-group ext-animate--on is-nowrap is-layout-flex wp-container-core-group-is-layout-6c531013 wp-block-group-is-layout-flex\">\n<h2 class=\"wp-block-heading has-text-align-left ext-animate--on\">Poznejte kouzlo na\u0161ich vyv\u00fd\u0161en\u00fdch z\u00e1hon\u016f.<\/h2>\n\n\n\n<figure class=\"wp-block-image size-large ext-animate--on\" style=\"margin-right:0;margin-left:0\"><img loading=\"lazy\" decoding=\"async\" width=\"1024\" height=\"683\" src=\"https:\/\/algardens.cz\/wp-content\/uploads\/2026\/03\/bc72d943-02cd-4ac0-8cfb-0eee996c3dee-2-1024x683.png\" alt=\"\" class=\"wp-image-919\" srcset=\"https:\/\/algardens.cz\/wp-content\/uploads\/2026\/03\/bc72d943-02cd-4ac0-8cfb-0eee996c3dee-2-1024x683.png 1024w, https:\/\/algardens.cz\/wp-content\/uploads\/2026\/03\/bc72d943-02cd-4ac0-8cfb-0eee996c3dee-2-300x200.png 300w, https:\/\/algardens.cz\/wp-content\/uploads\/2026\/03\/bc72d943-02cd-4ac0-8cfb-0eee996c3dee-2-768x512.png 768w, https:\/\/algardens.cz\/wp-content\/uploads\/2026\/03\/bc72d943-02cd-4ac0-8cfb-0eee996c3dee-2-18x12.png 18w, https:\/\/algardens.cz\/wp-content\/uploads\/2026\/03\/bc72d943-02cd-4ac0-8cfb-0eee996c3dee-2.png 1536w\" sizes=\"auto, (max-width: 1024px) 100vw, 1024px\" \/><\/figure>\n<\/div>\n\n\n\n<p class=\"has-text-align-left ext-animate--on\">Prozkoumejte hlavn\u00ed p\u0159ednosti na\u0161ich origin\u00e1ln\u00edch hlin\u00edkov\u00fdch z\u00e1hon\u016f, kter\u00e9 spojuj\u00ed funk\u010dnost s elegantn\u00edm designem pro Va\u0161i zahradu.<\/p>\n<\/div>\n\n\n\n<div class=\"wp-block-columns alignwide ext-animate--on is-layout-flex wp-container-core-columns-is-layout-08c01c1c wp-block-columns-is-layout-flex\">\n<div class=\"wp-block-column is-vertically-aligned-stretch ext-animate--on is-layout-flow wp-container-core-column-is-layout-f5bb311e wp-block-column-is-layout-flow\">\n<div class=\"wp-block-group is-style-ext-preset--group--natural-1--item-card-1--align-start ext-animate--on has-global-padding is-layout-constrained wp-block-group-is-layout-constrained is-style-ext-preset--group--natural-1--item-card-1--align-start--4\">\n<div class=\"wp-block-group is-style-default ext-animate--on has-global-padding is-layout-constrained wp-block-group-is-layout-constrained\">\n<figure class=\"wp-block-image size-large ext-aspect-landscape ext-animate--on wp-duotone-primary-foreground\"><img decoding=\"async\" src=\"data:image\/svg+xml;base64,PHN2ZyB4bWxucz0iaHR0cDovL3d3dy53My5vcmcvMjAwMC9zdmciIHdpZHRoPSI0OCIgaGVpZ2h0PSI0OCIgZmlsbD0iIzAwMDAwMCIgdmlld0JveD0iMCAwIDI1NiAyNTYiPjxwYXRoIGQ9Ik0xNzIsNzZhNDQsNDQsMCwxLDAtNDQsNDRBNDQuMDUsNDQuMDUsMCwwLDAsMTcyLDc2Wm0tNDQsMjhhMjgsMjgsMCwxLDEsMjgtMjhBMjgsMjgsMCwwLDEsMTI4LDEwNFptNjAsMjRhNDQsNDQsMCwxLDAsNDQsNDRBNDQuMDUsNDQuMDUsMCwwLDAsMTg4LDEyOFptMCw3MmEyOCwyOCwwLDEsMSwyOC0yOEEyOCwyOCwwLDAsMSwxODgsMjAwWk02OCwxMjhhNDQsNDQsMCwxLDAsNDQsNDRBNDQuMDUsNDQuMDUsMCwwLDAsNjgsMTI4Wm0wLDcyYTI4LDI4LDAsMSwxLDI4LTI4QTI4LDI4LDAsMCwxLDY4LDIwMFoiPjwvcGF0aD48L3N2Zz4=\" alt=\"\" style=\"object-fit:cover\"\/><\/figure>\n\n\n\n<h3 class=\"wp-block-heading ext-animate--on\">Odoln\u00fd hlin\u00edkov\u00fd r\u00e1m<\/h3>\n\n\n\n<p class=\"ext-animate--on\">Z\u00e1hony jsou vyrobeny z kvalitn\u00edho materi\u00e1lu, kter\u00fd odol\u00e1v\u00e1 vliv\u016fm po\u010das\u00ed. Na\u0161e z\u00e1hony jsou bez\u00fadr\u017ebov\u00e9.<\/p>\n<\/div>\n<\/div>\n<\/div>\n\n\n\n<div class=\"wp-block-column is-vertically-aligned-stretch ext-animate--on is-layout-flow wp-container-core-column-is-layout-f5bb311e wp-block-column-is-layout-flow\">\n<div class=\"wp-block-group is-style-ext-preset--group--natural-1--item-card-1--align-start ext-animate--on has-global-padding is-layout-constrained wp-block-group-is-layout-constrained is-style-ext-preset--group--natural-1--item-card-1--align-start--5\">\n<div class=\"wp-block-group is-style-default ext-animate--on has-global-padding is-layout-constrained wp-block-group-is-layout-constrained\">\n<figure class=\"wp-block-image size-large ext-aspect-landscape ext-animate--on wp-duotone-primary-foreground\"><img decoding=\"async\" src=\"data:image\/svg+xml;base64,PHN2ZyB4bWxucz0iaHR0cDovL3d3dy53My5vcmcvMjAwMC9zdmciIHdpZHRoPSI0OCIgaGVpZ2h0PSI0OCIgZmlsbD0iIzAwMDAwMCIgdmlld0JveD0iMCAwIDI1NiAyNTYiPjxwYXRoIGQ9Ik04MCw0MGE0MCw0MCwwLDEsMCw0MCw0MEE0MCw0MCwwLDAsMCw4MCw0MFptMCw2NGEyNCwyNCwwLDEsMSwyNC0yNEEyNCwyNCwwLDAsMSw4MCwxMDRabTk2LDE2YTQwLDQwLDAsMSwwLTQwLTQwQTQwLDQwLDAsMCwwLDE3NiwxMjBabTAtNjRhMjQsMjQsMCwxLDEtMjQsMjRBMjQsMjQsMCwwLDEsMTc2LDU2Wk04MCwxMzZhNDAsNDAsMCwxLDAsNDAsNDBBNDAsNDAsMCwwLDAsODAsMTM2Wm0wLDY0YTI0LDI0LDAsMSwxLDI0LTI0QTI0LDI0LDAsMCwxLDgwLDIwMFptOTYtNjRhNDAsNDAsMCwxLDAsNDAsNDBBNDAsNDAsMCwwLDAsMTc2LDEzNlptMCw2NGEyNCwyNCwwLDEsMSwyNC0yNEEyNCwyNCwwLDAsMSwxNzYsMjAwWiI+PC9wYXRoPjwvc3ZnPg==\" alt=\"\" style=\"object-fit:cover\"\/><\/figure>\n\n\n\n<h3 class=\"wp-block-heading ext-animate--on\">Modern\u00ed estetika<\/h3>\n\n\n\n<p class=\"ext-animate--on\">Design z\u00e1hon\u016f zaujme sv\u00fdmi \u010dist\u00fdmi liniemi, kter\u00e9 dopln\u00ed ka\u017edou zahradu. Vyberte si z cel\u00e9ho RAL vzorn\u00edku v kombinaci s d\u0159evodekorem.<\/p>\n<\/div>\n<\/div>\n<\/div>\n\n\n\n<div class=\"wp-block-column is-vertically-aligned-stretch ext-animate--on is-layout-flow wp-container-core-column-is-layout-f5bb311e wp-block-column-is-layout-flow\">\n<div class=\"wp-block-group is-style-ext-preset--group--natural-1--item-card-1--align-start ext-animate--on has-global-padding is-layout-constrained wp-block-group-is-layout-constrained is-style-ext-preset--group--natural-1--item-card-1--align-start--6\">\n<div class=\"wp-block-group is-style-default ext-animate--on has-global-padding is-layout-constrained wp-block-group-is-layout-constrained\">\n<figure class=\"wp-block-image size-large ext-aspect-landscape ext-animate--on wp-duotone-primary-foreground\"><img decoding=\"async\" src=\"data:image\/svg+xml;base64,PHN2ZyB4bWxucz0iaHR0cDovL3d3dy53My5vcmcvMjAwMC9zdmciIHdpZHRoPSI0OCIgaGVpZ2h0PSI0OCIgZmlsbD0iIzAwMDAwMCIgdmlld0JveD0iMCAwIDI1NiAyNTYiPjxwYXRoIGQ9Ik04MCw0MGE0MCw0MCwwLDEsMCw0MCw0MEE0MCw0MCwwLDAsMCw4MCw0MFptMCw2NGEyNCwyNCwwLDEsMSwyNC0yNEEyNCwyNCwwLDAsMSw4MCwxMDRabTk2LDE2YTQwLDQwLDAsMSwwLTQwLTQwQTQwLDQwLDAsMCwwLDE3NiwxMjBabTAtNjRhMjQsMjQsMCwxLDEtMjQsMjRBMjQsMjQsMCwwLDEsMTc2LDU2Wk04MCwxMzZhNDAsNDAsMCwxLDAsNDAsNDBBNDAsNDAsMCwwLDAsODAsMTM2Wm0wLDY0YTI0LDI0LDAsMSwxLDI0LTI0QTI0LDI0LDAsMCwxLDgwLDIwMFptMTM2LTI0YTgsOCwwLDAsMS04LDhIMTg0djI0YTgsOCwwLDAsMS0xNiwwVjE4NEgxNDRhOCw4LDAsMCwxLDAtMTZoMjRWMTQ0YTgsOCwwLDAsMSwxNiwwdjI0aDI0QTgsOCwwLDAsMSwyMTYsMTc2WiI+PC9wYXRoPjwvc3ZnPg==\" alt=\"\" style=\"object-fit:cover\"\/><\/figure>\n\n\n\n<h3 class=\"wp-block-heading ext-animate--on\">Snadn\u00e1 \u00fadr\u017eba<\/h3>\n\n\n\n<p class=\"ext-animate--on\">Na\u0161e z\u00e1hony vy\u017eaduj\u00ed minim\u00e1ln\u00ed p\u00e9\u010di a usnad\u0148uj\u00ed p\u011bstov\u00e1n\u00ed rostlin. O na\u0161e se nemus\u00edte starat, star\u00e1te se pouze o svou \u00farodu.<\/p>\n<\/div>\n<\/div>\n<\/div>\n<\/div>\n<\/div>\n\n\n\n<div class=\"wp-block-group alignfull is-style-ext-preset--group--natural-1--section ext-animate--on has-background has-global-padding is-layout-constrained wp-block-group-is-layout-constrained\" style=\"background-color:#202020;margin-top:0;margin-bottom:0;padding-top:var(--wp--preset--spacing--30);padding-bottom:var(--wp--preset--spacing--30)\">\n<div class=\"wp-block-group alignwide ext-is-logical-start ext-animate--on has-global-padding is-content-justification-left is-layout-constrained wp-container-core-group-is-layout-6729bdbe wp-block-group-is-layout-constrained\">\n<h2 class=\"wp-block-heading ext-animate--on\">Prozkoumejte na\u0161i inspirativn\u00ed galerii z\u00e1hon\u016f.<\/h2>\n\n\n\n<p class=\"has-text-align-left ext-animate--on\">Tato sekce p\u0159edstavuje pe\u010dliv\u011b vybran\u00e9 fotografie, kter\u00e9 zachycuj\u00ed jedine\u010dn\u00fd design a kvalitu na\u0161ich vyv\u00fd\u0161en\u00fdch z\u00e1hon\u016f.<\/p>\n<\/div>\n\n\n\n<div class=\"wp-block-columns alignwide ext-animate--on is-layout-flex wp-container-core-columns-is-layout-87beb0d0 wp-block-columns-is-layout-flex\">\n<div class=\"wp-block-column is-vertically-aligned-stretch ext-animate--on is-layout-flow wp-container-core-column-is-layout-f5bb311e wp-block-column-is-layout-flow\" style=\"flex-basis:50%\">\n<div class=\"wp-block-cover is-style-ext-preset--image--natural-1--image-1--content-top ext-animate--on is-style-ext-preset--image--natural-1--image-1--content-top--8\" style=\"padding-top:0;padding-bottom:0;min-height:100%;aspect-ratio:unset;\"><img loading=\"lazy\" decoding=\"async\" width=\"1024\" height=\"683\" class=\"wp-block-cover__image-background wp-image-576 size-large\" alt=\"\" src=\"https:\/\/algardens.cz\/wp-content\/uploads\/2026\/03\/ChatGPT-Image-21.-12.-2025-12_18_08-1024x683.png\" data-object-fit=\"cover\" srcset=\"https:\/\/algardens.cz\/wp-content\/uploads\/2026\/03\/ChatGPT-Image-21.-12.-2025-12_18_08-1024x683.png 1024w, https:\/\/algardens.cz\/wp-content\/uploads\/2026\/03\/ChatGPT-Image-21.-12.-2025-12_18_08-300x200.png 300w, https:\/\/algardens.cz\/wp-content\/uploads\/2026\/03\/ChatGPT-Image-21.-12.-2025-12_18_08-768x512.png 768w, https:\/\/algardens.cz\/wp-content\/uploads\/2026\/03\/ChatGPT-Image-21.-12.-2025-12_18_08-18x12.png 18w, https:\/\/algardens.cz\/wp-content\/uploads\/2026\/03\/ChatGPT-Image-21.-12.-2025-12_18_08.png 1536w\" sizes=\"auto, (max-width: 1024px) 100vw, 1024px\" \/><span aria-hidden=\"true\" class=\"wp-block-cover__background has-background-dim-0 has-background-dim\" style=\"background-color:#7d7758\"><\/span><div class=\"wp-block-cover__inner-container is-layout-flow wp-block-cover-is-layout-flow\">\n<div style=\"height:225px\" aria-hidden=\"true\" class=\"wp-block-spacer ext-animate--on\"><\/div>\n<\/div><\/div>\n<\/div>\n\n\n\n<div class=\"wp-block-column is-vertically-aligned-top ext-animate--on is-layout-flow wp-container-core-column-is-layout-f5bb311e wp-block-column-is-layout-flow\">\n<figure class=\"wp-block-image size-large is-style-ext-preset--image--natural-1--image-1--content-top ext-animate--on is-style-ext-preset--image--natural-1--image-1--content-top--9\"><img loading=\"lazy\" decoding=\"async\" width=\"1024\" height=\"683\" src=\"https:\/\/algardens.cz\/wp-content\/uploads\/2026\/03\/20260306_0850_Image-Generation_simple_compose_01kk11zqewe95t8mqtgjbmr79f-1024x683.png\" alt=\"\" class=\"wp-image-577\" style=\"aspect-ratio:1;object-fit:cover\" srcset=\"https:\/\/algardens.cz\/wp-content\/uploads\/2026\/03\/20260306_0850_Image-Generation_simple_compose_01kk11zqewe95t8mqtgjbmr79f-1024x683.png 1024w, https:\/\/algardens.cz\/wp-content\/uploads\/2026\/03\/20260306_0850_Image-Generation_simple_compose_01kk11zqewe95t8mqtgjbmr79f-300x200.png 300w, https:\/\/algardens.cz\/wp-content\/uploads\/2026\/03\/20260306_0850_Image-Generation_simple_compose_01kk11zqewe95t8mqtgjbmr79f-768x512.png 768w, https:\/\/algardens.cz\/wp-content\/uploads\/2026\/03\/20260306_0850_Image-Generation_simple_compose_01kk11zqewe95t8mqtgjbmr79f-18x12.png 18w, https:\/\/algardens.cz\/wp-content\/uploads\/2026\/03\/20260306_0850_Image-Generation_simple_compose_01kk11zqewe95t8mqtgjbmr79f.png 1536w\" sizes=\"auto, (max-width: 1024px) 100vw, 1024px\" \/><\/figure>\n\n\n\n<figure class=\"wp-block-image size-large is-style-ext-preset--image--natural-1--image-1--content-top ext-animate--on is-style-ext-preset--image--natural-1--image-1--content-top--10\"><img loading=\"lazy\" decoding=\"async\" width=\"1024\" height=\"683\" src=\"https:\/\/algardens.cz\/wp-content\/uploads\/2026\/03\/20260306_0847_Sleek-Modern-Garden-Beds_simple_compose_01kk11tew8fvh8mxggnjmv280z-1024x683.png\" alt=\"\" class=\"wp-image-579\" style=\"aspect-ratio:1;object-fit:cover\" srcset=\"https:\/\/algardens.cz\/wp-content\/uploads\/2026\/03\/20260306_0847_Sleek-Modern-Garden-Beds_simple_compose_01kk11tew8fvh8mxggnjmv280z-1024x683.png 1024w, https:\/\/algardens.cz\/wp-content\/uploads\/2026\/03\/20260306_0847_Sleek-Modern-Garden-Beds_simple_compose_01kk11tew8fvh8mxggnjmv280z-300x200.png 300w, https:\/\/algardens.cz\/wp-content\/uploads\/2026\/03\/20260306_0847_Sleek-Modern-Garden-Beds_simple_compose_01kk11tew8fvh8mxggnjmv280z-768x512.png 768w, https:\/\/algardens.cz\/wp-content\/uploads\/2026\/03\/20260306_0847_Sleek-Modern-Garden-Beds_simple_compose_01kk11tew8fvh8mxggnjmv280z-18x12.png 18w, https:\/\/algardens.cz\/wp-content\/uploads\/2026\/03\/20260306_0847_Sleek-Modern-Garden-Beds_simple_compose_01kk11tew8fvh8mxggnjmv280z.png 1536w\" sizes=\"auto, (max-width: 1024px) 100vw, 1024px\" \/><\/figure>\n<\/div>\n\n\n\n<div class=\"wp-block-column is-vertically-aligned-top ext-animate--on is-layout-flow wp-container-core-column-is-layout-f5bb311e wp-block-column-is-layout-flow\">\n<figure class=\"wp-block-image size-large is-style-ext-preset--image--natural-1--image-1--content-top ext-animate--on is-style-ext-preset--image--natural-1--image-1--content-top--11\"><img loading=\"lazy\" decoding=\"async\" width=\"683\" height=\"1024\" src=\"https:\/\/algardens.cz\/wp-content\/uploads\/2026\/03\/task_01kdg7wf3rf00t81estckd3hv7_1766850472_img_1-683x1024.webp\" alt=\"\" class=\"wp-image-580\" style=\"aspect-ratio:1;object-fit:cover\" srcset=\"https:\/\/algardens.cz\/wp-content\/uploads\/2026\/03\/task_01kdg7wf3rf00t81estckd3hv7_1766850472_img_1-683x1024.webp 683w, https:\/\/algardens.cz\/wp-content\/uploads\/2026\/03\/task_01kdg7wf3rf00t81estckd3hv7_1766850472_img_1-200x300.webp 200w, https:\/\/algardens.cz\/wp-content\/uploads\/2026\/03\/task_01kdg7wf3rf00t81estckd3hv7_1766850472_img_1-768x1152.webp 768w, https:\/\/algardens.cz\/wp-content\/uploads\/2026\/03\/task_01kdg7wf3rf00t81estckd3hv7_1766850472_img_1-8x12.webp 8w, https:\/\/algardens.cz\/wp-content\/uploads\/2026\/03\/task_01kdg7wf3rf00t81estckd3hv7_1766850472_img_1.webp 1024w\" sizes=\"auto, (max-width: 683px) 100vw, 683px\" \/><\/figure>\n\n\n\n<figure class=\"wp-block-image size-large is-style-ext-preset--image--natural-1--image-1--content-top ext-animate--on is-style-ext-preset--image--natural-1--image-1--content-top--12\"><img loading=\"lazy\" decoding=\"async\" width=\"683\" height=\"1024\" src=\"https:\/\/algardens.cz\/wp-content\/uploads\/2026\/03\/task_01kdg7k6k0f7s89h6zsnb3bfvy_1766850165_img_1-683x1024.webp\" alt=\"\" class=\"wp-image-581\" style=\"aspect-ratio:1;object-fit:cover\" srcset=\"https:\/\/algardens.cz\/wp-content\/uploads\/2026\/03\/task_01kdg7k6k0f7s89h6zsnb3bfvy_1766850165_img_1-683x1024.webp 683w, https:\/\/algardens.cz\/wp-content\/uploads\/2026\/03\/task_01kdg7k6k0f7s89h6zsnb3bfvy_1766850165_img_1-200x300.webp 200w, https:\/\/algardens.cz\/wp-content\/uploads\/2026\/03\/task_01kdg7k6k0f7s89h6zsnb3bfvy_1766850165_img_1-768x1152.webp 768w, https:\/\/algardens.cz\/wp-content\/uploads\/2026\/03\/task_01kdg7k6k0f7s89h6zsnb3bfvy_1766850165_img_1-8x12.webp 8w, https:\/\/algardens.cz\/wp-content\/uploads\/2026\/03\/task_01kdg7k6k0f7s89h6zsnb3bfvy_1766850165_img_1.webp 1024w\" sizes=\"auto, (max-width: 683px) 100vw, 683px\" \/><\/figure>\n<\/div>\n<\/div>\n<\/div>","protected":false},"excerpt":{"rendered":"<p>Origin\u00e1ln\u00ed hlin\u00edkov\u00fd zahradn\u00ed z\u00e1hon Na\u0161e vyv\u00fd\u0161en\u00e9 hlin\u00edkov\u00e9 z\u00e1hony spojuj\u00ed modern\u00ed design s prakti\u010dnost\u00ed, poskytuj\u00ed ide\u00e1ln\u00ed prostor pro p\u011bstov\u00e1n\u00ed rostlin s dlouhou \u017eivotnost\u00ed a snadnou \u00fadr\u017ebou. D\u00edky hlin\u00edkov\u00fdm materi\u00e1l\u016fm a promy\u0161len\u00e9 konstrukci jsou naprosto bez\u00fadr\u017ebov\u00e9 a zvy\u0161uj\u00ed radost z p\u00e9\u010de o Va\u0161i zahradu. Nez\u00e1vazn\u00e1 popt\u00e1vka Poznejte kouzlo na\u0161ich vyv\u00fd\u0161en\u00fdch z\u00e1hon\u016f. Prozkoumejte hlavn\u00ed p\u0159ednosti na\u0161ich origin\u00e1ln\u00edch hlin\u00edkov\u00fdch [&hellip;]<\/p>\n","protected":false},"author":1,"featured_media":0,"parent":0,"menu_order":0,"comment_status":"closed","ping_status":"closed","template":"page-with-title","meta":{"om_disable_all_campaigns":false,"_monsterinsights_skip_tracking":false,"_monsterinsights_sitenote_active":false,"_monsterinsights_sitenote_note":"","_monsterinsights_sitenote_category":0,"_uf_show_specific_survey":0,"_uf_disable_surveys":false,"footnotes":""},"class_list":["post-558","page","type-page","status-publish","hentry"],"aioseo_notices":[],"_links":{"self":[{"href":"https:\/\/algardens.cz\/en\/wp-json\/wp\/v2\/pages\/558","targetHints":{"allow":["GET"]}}],"collection":[{"href":"https:\/\/algardens.cz\/en\/wp-json\/wp\/v2\/pages"}],"about":[{"href":"https:\/\/algardens.cz\/en\/wp-json\/wp\/v2\/types\/page"}],"author":[{"embeddable":true,"href":"https:\/\/algardens.cz\/en\/wp-json\/wp\/v2\/users\/1"}],"replies":[{"embeddable":true,"href":"https:\/\/algardens.cz\/en\/wp-json\/wp\/v2\/comments?post=558"}],"version-history":[{"count":12,"href":"https:\/\/algardens.cz\/en\/wp-json\/wp\/v2\/pages\/558\/revisions"}],"predecessor-version":[{"id":926,"href":"https:\/\/algardens.cz\/en\/wp-json\/wp\/v2\/pages\/558\/revisions\/926"}],"wp:attachment":[{"href":"https:\/\/algardens.cz\/en\/wp-json\/wp\/v2\/media?parent=558"}],"curies":[{"name":"wp","href":"https:\/\/api.w.org\/{rel}","templated":true}]}}