{"id":3,"date":"2024-08-30T09:25:41","date_gmt":"2024-08-30T09:25:41","guid":{"rendered":"https:\/\/algardens.cz\/?page_id=3"},"modified":"2026-03-07T09:11:47","modified_gmt":"2026-03-07T08:11:47","slug":"privacy-policy","status":"publish","type":"page","link":"https:\/\/algardens.cz\/en\/privacy-policy\/","title":{"rendered":"Z\u00e1sady ochrany osobn\u00edch \u00fadaj\u016f"},"content":{"rendered":"<h2 class=\"wp-block-heading ext-animate--on\">Z\u00e1sady ochrany osobn\u00edch \u00fadaj\u016f &#8211; GDPR<\/h2>\n\n\n\n<details class=\"wp-block-details ext-animate--on is-layout-flow wp-block-details-is-layout-flow\"><summary><strong><strong><strong>1. \u00davodn\u00ed informace<\/strong><\/strong><\/strong><br><\/summary>\n<p class=\"ext-animate--on\">Tento dokument poskytuje informace o zpracov\u00e1n\u00ed osobn\u00edch \u00fadaj\u016f v souladu s na\u0159\u00edzen\u00edm Evropsk\u00e9ho parlamentu a Rady (EU) 2016\/679 (GDPR) a souvisej\u00edc\u00edmi pr\u00e1vn\u00edmi p\u0159edpisy.<\/p>\n\n\n\n<p class=\"ext-animate--on\"><strong>Spr\u00e1vce osobn\u00edch \u00fadaj\u016f:<\/strong><\/p>\n\n\n\n<ul class=\"wp-block-list ext-animate--on\">\n<li class=\"ext-animate--on\">Obchodn\u00ed firma:ALGardens byKubajz s.r.o.<\/li>\n\n\n\n<li class=\"ext-animate--on\">I\u010cO:07199449<\/li>\n\n\n\n<li class=\"ext-animate--on\">S\u00eddlo:H\u00e1je 21.26101, H\u00e1je<\/li>\n\n\n\n<li class=\"ext-animate--on\">E-mail:info@algardens.cz<\/li>\n\n\n\n<li class=\"ext-animate--on\">Telefon:777261630<\/li>\n\n\n\n<li class=\"ext-animate--on\">(d\u00e1le jen \u201e<strong>Spr\u00e1vce<\/strong>\u201c)<\/li>\n<\/ul>\n\n\n\n<p class=\"ext-animate--on\"><\/p>\n<\/details>\n\n\n\n<details class=\"wp-block-details ext-animate--on is-layout-flow wp-block-details-is-layout-flow\"><summary><strong><strong><strong>2. Jak\u00e9 osobn\u00ed \u00fadaje zpracov\u00e1v\u00e1me<\/strong><\/strong><\/strong><br><\/summary>\n<p class=\"ext-animate--on\">Spr\u00e1vce zpracov\u00e1v\u00e1 pouze osobn\u00ed \u00fadaje, kter\u00e9 mu subjekt \u00fadaj\u016f s\u00e1m poskytne, zejm\u00e9na:<\/p>\n\n\n\n<ul class=\"wp-block-list ext-animate--on\">\n<li class=\"ext-animate--on\">jm\u00e9no a p\u0159\u00edjmen\u00ed,<\/li>\n\n\n\n<li class=\"ext-animate--on\">e-mailovou adresu,<\/li>\n\n\n\n<li class=\"ext-animate--on\">telefonn\u00ed \u010d\u00edslo,<\/li>\n\n\n\n<li class=\"ext-animate--on\">adresu, je-li nezbytn\u00e1 pro realizaci zak\u00e1zky,<\/li>\n\n\n\n<li class=\"ext-animate--on\">\u00fadaje uveden\u00e9 v popt\u00e1vkov\u00e9m nebo kontaktn\u00edm formul\u00e1\u0159i,<\/li>\n\n\n\n<li class=\"ext-animate--on\">\u00fadaje vznikl\u00e9 v r\u00e1mci komunikace se Spr\u00e1vcem.<\/li>\n<\/ul>\n<\/details>\n\n\n\n<details class=\"wp-block-details ext-animate--on is-layout-flow wp-block-details-is-layout-flow\"><summary><strong><strong>3. \u00da\u010dely zpracov\u00e1n\u00ed osobn\u00edch \u00fadaj\u016f<\/strong><\/strong><br><\/summary>\n<p>Osobn\u00ed \u00fadaje jsou zpracov\u00e1v\u00e1ny zejm\u00e9na za \u00fa\u010delem:<\/p>\n\n\n\n<ul class=\"wp-block-list ext-animate--on\">\n<li class=\"ext-animate--on\">vy\u0159\u00edzen\u00ed popt\u00e1vky nebo dotazu,<\/li>\n\n\n\n<li class=\"ext-animate--on\">komunikace se z\u00e1kazn\u00edky,<\/li>\n\n\n\n<li class=\"ext-animate--on\">uzav\u0159en\u00ed a pln\u011bn\u00ed smlouvy o d\u00edlo,<\/li>\n\n\n\n<li class=\"ext-animate--on\">pln\u011bn\u00ed z\u00e1konn\u00fdch povinnost\u00ed, zejm\u00e9na \u00fa\u010detn\u00edch a da\u0148ov\u00fdch,<\/li>\n<\/ul>\n\n\n\n<p class=\"ext-animate--on\">vy\u0159izov\u00e1n\u00ed reklamac\u00ed, servisn\u00edch a z\u00e1ru\u010dn\u00edch po\u017eadavk\u016f.<\/p>\n<\/details>\n\n\n\n<details class=\"wp-block-details ext-animate--on is-layout-flow wp-block-details-is-layout-flow\"><summary><strong><strong><strong>4. Pr\u00e1vn\u00ed z\u00e1klad zpracov\u00e1n\u00ed<\/strong><\/strong><\/strong><br><\/summary>\n<p class=\"ext-animate--on\">Osobn\u00ed \u00fadaje jsou zpracov\u00e1v\u00e1ny na z\u00e1klad\u011b:<\/p>\n\n\n\n<ul class=\"wp-block-list ext-animate--on\">\n<li class=\"ext-animate--on\">jedn\u00e1n\u00ed o smlouv\u011b a pln\u011bn\u00ed smlouvy (\u010dl. 6 odst. 1 p\u00edsm. b) GDPR),<\/li>\n\n\n\n<li class=\"ext-animate--on\">pln\u011bn\u00ed pr\u00e1vn\u00edch povinnost\u00ed (\u010dl. 6 odst. 1 p\u00edsm. c) GDPR),<\/li>\n\n\n\n<li class=\"ext-animate--on\">opr\u00e1vn\u011bn\u00e9ho z\u00e1jmu Spr\u00e1vce (\u010dl. 6 odst. 1 p\u00edsm. f) GDPR),<\/li>\n\n\n\n<li class=\"ext-animate--on\">souhlasu subjektu \u00fadaj\u016f, je-li vy\u017eadov\u00e1n (\u010dl. 6 odst. 1 p\u00edsm. a) GDPR).<\/li>\n<\/ul>\n\n\n\n<p class=\"ext-animate--on\"><\/p>\n<\/details>\n\n\n\n<details class=\"wp-block-details ext-animate--on is-layout-flow wp-block-details-is-layout-flow\"><summary><strong><strong><strong><strong>5. Zpracov\u00e1n\u00ed osobn\u00edch \u00fadaj\u016f pro marketingov\u00e9 \u00fa\u010dely<\/strong><\/strong><\/strong><\/strong><br><\/summary>\n<p class=\"ext-animate--on\">Spr\u00e1vce m\u016f\u017ee osobn\u00ed \u00fadaje subjektu \u00fadaj\u016f zpracov\u00e1vat rovn\u011b\u017e pro marketingov\u00e9 \u00fa\u010dely, zejm\u00e9na za \u00fa\u010delem:<br><\/p>\n\n\n\n<ul class=\"wp-block-list ext-animate--on\">\n<li class=\"ext-animate--on\">nab\u00edzen\u00ed v\u00fdrobk\u016f a slu\u017eeb Spr\u00e1vce,<\/li>\n\n\n\n<li class=\"ext-animate--on\">zas\u00edl\u00e1n\u00ed obchodn\u00edch a marketingov\u00fdch sd\u011blen\u00ed,<\/li>\n\n\n\n<li class=\"ext-animate--on\">telefonick\u00e9ho kontaktov\u00e1n\u00ed se souvisej\u00edc\u00ed nab\u00eddkou,<\/li>\n\n\n\n<li class=\"ext-animate--on\">prov\u00e1d\u011bn\u00ed z\u00e1kladn\u00edch marketingov\u00fdch pr\u016fzkum\u016f.<br><\/li>\n<\/ul>\n\n\n\n<ol start=\"2\" class=\"wp-block-list ext-animate--on\">\n<li class=\"ext-animate--on\">Osobn\u00ed \u00fadaje pro marketingov\u00e9 \u00fa\u010dely jsou zpracov\u00e1v\u00e1ny v\u00fdhradn\u011b na z\u00e1klad\u011b <strong>dobrovoln\u00e9ho souhlasu<\/strong> subjektu \u00fadaj\u016f dle \u010dl. 6 odst. 1 p\u00edsm. a) GDPR.<br><\/li>\n\n\n\n<li class=\"ext-animate--on\">Ud\u011blen\u00ed souhlasu se zpracov\u00e1n\u00edm osobn\u00edch \u00fadaj\u016f pro marketingov\u00e9 \u00fa\u010dely <strong>nen\u00ed podm\u00ednkou<\/strong> pro vy\u0159\u00edzen\u00ed popt\u00e1vky, uzav\u0159en\u00ed smlouvy ani poskytnut\u00ed slu\u017eby.<br><\/li>\n\n\n\n<li class=\"ext-animate--on\">Subjekt \u00fadaj\u016f m\u016f\u017ee souhlas kdykoliv odvolat, a to zejm\u00e9na:<br><\/li>\n<\/ol>\n\n\n\n<ul class=\"wp-block-list ext-animate--on\">\n<li class=\"ext-animate--on\">zasl\u00e1n\u00edm e-mailu na kontaktn\u00ed adresu Spr\u00e1vce,<\/li>\n\n\n\n<li class=\"ext-animate--on\">nebo jin\u00fdm jednozna\u010dn\u00fdm prohl\u00e1\u0161en\u00edm v\u016fle.<br><\/li>\n<\/ul>\n\n\n\n<ol start=\"5\" class=\"wp-block-list ext-animate--on\">\n<li class=\"ext-animate--on\">Odvol\u00e1n\u00edm souhlasu nen\u00ed dot\u010dena z\u00e1konnost zpracov\u00e1n\u00ed osobn\u00edch \u00fadaj\u016f prov\u00e1d\u011bn\u00e9ho do okam\u017eiku jeho odvol\u00e1n\u00ed.<br><\/li>\n\n\n\n<li class=\"ext-animate--on\">Osobn\u00ed \u00fadaje zpracov\u00e1van\u00e9 pro marketingov\u00e9 \u00fa\u010dely nejsou poskytov\u00e1ny t\u0159et\u00edm osob\u00e1m ani propojen\u00fdm subjekt\u016fm, pokud k tomu subjekt \u00fadaj\u016f neud\u011bl\u00ed samostatn\u00fd souhlas nebo to nevy\u017eaduje z\u00e1kon.<\/li>\n<\/ol>\n\n\n\n<p class=\"ext-animate--on\"><\/p>\n<\/details>\n\n\n\n<details class=\"wp-block-details ext-animate--on is-layout-flow wp-block-details-is-layout-flow\"><summary><strong><strong><strong><strong><strong>6. Doba uchov\u00e1v\u00e1n\u00ed osobn\u00edch \u00fadaj\u016f<\/strong><\/strong><\/strong><\/strong><\/strong><br><\/summary>\n<p class=\"ext-animate--on\"><a href=\"Oso:bn\u00ed \u00fadaje jsou uchov\u00e1v\u00e1ny\">Osobn\u00ed \u00fadaje jsou uchov\u00e1v\u00e1ny:<\/a><br><\/p>\n\n\n\n<ul class=\"wp-block-list ext-animate--on\">\n<li class=\"ext-animate--on\">po dobu trv\u00e1n\u00ed smluvn\u00edho vztahu,<\/li>\n\n\n\n<li class=\"ext-animate--on\">po dobu stanovenou platn\u00fdmi pr\u00e1vn\u00edmi p\u0159edpisy,<\/li>\n\n\n\n<li class=\"ext-animate--on\">po dobu trv\u00e1n\u00ed z\u00e1ru\u010dn\u00ed doby a reklama\u010dn\u00edch lh\u016ft,<\/li>\n\n\n\n<li class=\"ext-animate--on\">po dobu platnosti ud\u011blen\u00e9ho souhlasu pro marketingov\u00e9 \u00fa\u010dely, nejd\u00e9le v\u0161ak do jeho odvol\u00e1n\u00ed.<br><\/li>\n<\/ul>\n\n\n\n<p class=\"ext-animate--on\"><\/p>\n<\/details>\n\n\n\n<details class=\"wp-block-details ext-animate--on is-layout-flow wp-block-details-is-layout-flow\"><summary><strong><strong><strong><strong><strong><strong>7. Kdo m\u00e1 k osobn\u00edm \u00fadaj\u016fm p\u0159\u00edstup<\/strong><\/strong><\/strong><\/strong><\/strong><\/strong><br><\/summary>\n<p class=\"ext-animate--on\"><a href=\"Oso:bn\u00ed \u00fadaje jsou uchov\u00e1v\u00e1ny\">Osobn\u00ed \u00fadaje mohou b\u00fdt zp\u0159\u00edstupn\u011bny pouze:<\/a><br><\/p>\n\n\n\n<ul class=\"wp-block-list ext-animate--on\">\n<li class=\"ext-animate--on\">\u00fa\u010detn\u00edm a da\u0148ov\u00fdm poradc\u016fm,<\/li>\n\n\n\n<li class=\"ext-animate--on\">IT spr\u00e1vc\u016fm a provozovatel\u016fm webov\u00fdch str\u00e1nek,<\/li>\n\n\n\n<li class=\"ext-animate--on\">subdodavatel\u016fm, je-li to nezbytn\u00e9 pro realizaci zak\u00e1zky,<\/li>\n\n\n\n<li class=\"ext-animate--on\">org\u00e1n\u016fm ve\u0159ejn\u00e9 spr\u00e1vy, pokud to vy\u017eaduje z\u00e1kon.<br><\/li>\n<\/ul>\n\n\n\n<p class=\"ext-animate--on\">Osobn\u00ed \u00fadaje nejsou p\u0159ed\u00e1v\u00e1ny do t\u0159et\u00edch zem\u00ed mimo Evropskou unii.<\/p>\n<\/details>\n\n\n\n<details class=\"wp-block-details ext-animate--on is-layout-flow wp-block-details-is-layout-flow\"><summary><strong><strong><strong><strong><strong><strong><strong>8. Pr\u00e1va subjektu \u00fadaj\u016f<\/strong><\/strong><\/strong><\/strong><\/strong><\/strong><\/strong><br><\/summary>\n<p class=\"ext-animate--on\"><a href=\"Oso:bn\u00ed \u00fadaje jsou uchov\u00e1v\u00e1ny\">Subjekt \u00fadaj\u016f m\u00e1 pr\u00e1vo:<\/a><br><\/p>\n\n\n\n<ul class=\"wp-block-list ext-animate--on\">\n<li class=\"ext-animate--on\">na p\u0159\u00edstup ke sv\u00fdm osobn\u00edm \u00fadaj\u016fm,<\/li>\n\n\n\n<li class=\"ext-animate--on\">na jejich opravu nebo dopln\u011bn\u00ed,<\/li>\n\n\n\n<li class=\"ext-animate--on\">na v\u00fdmaz osobn\u00edch \u00fadaj\u016f, pokud to pr\u00e1vn\u00ed p\u0159edpisy umo\u017e\u0148uj\u00ed,<\/li>\n\n\n\n<li class=\"ext-animate--on\">na omezen\u00ed zpracov\u00e1n\u00ed,<\/li>\n\n\n\n<li class=\"ext-animate--on\">vzn\u00e9st n\u00e1mitku proti zpracov\u00e1n\u00ed,<\/li>\n\n\n\n<li class=\"ext-animate--on\">podat st\u00ed\u017enost u \u00da\u0159adu pro ochranu osobn\u00edch \u00fadaj\u016f.<br><\/li>\n\n\n\n<li class=\"ext-animate--on\"><\/li>\n<\/ul>\n<\/details>\n\n\n\n<details class=\"wp-block-details ext-animate--on is-layout-flow wp-block-details-is-layout-flow\"><summary><strong><strong><strong><strong><strong><strong><strong><strong>9. Zpracov\u00e1n\u00ed osobn\u00edch \u00fadaj\u016f prost\u0159ednictv\u00edm webu<\/strong><\/strong><\/strong><\/strong><\/strong><\/strong><\/strong><\/strong><br><\/summary>\n<ul class=\"wp-block-list ext-animate--on\">\n<li class=\"ext-animate--on\">Osobn\u00ed \u00fadaje zadan\u00e9 prost\u0159ednictv\u00edm kontaktn\u00edch a popt\u00e1vkov\u00fdch formul\u00e1\u0159\u016f jsou zpracov\u00e1v\u00e1ny v\u00fdhradn\u011b za \u00fa\u010delem vy\u0159\u00edzen\u00ed dotazu nebo popt\u00e1vky.<br><\/li>\n\n\n\n<li class=\"ext-animate--on\">Marketingov\u00e9 zpracov\u00e1n\u00ed osobn\u00edch \u00fadaj\u016f prob\u00edh\u00e1 pouze v p\u0159\u00edpad\u011b, \u017ee subjekt \u00fadaj\u016f ud\u011bl\u00ed samostatn\u00fd souhlas prost\u0159ednictv\u00edm p\u0159\u00edslu\u0161n\u00e9ho checkboxu.<br><\/li>\n<\/ul>\n<\/details>\n\n\n\n<details class=\"wp-block-details ext-animate--on is-layout-flow wp-block-details-is-layout-flow\"><summary><strong><strong><strong><strong><strong><strong><strong><strong><strong>10. Z\u00e1v\u011bre\u010dn\u00e1 ustanoven\u00ed<\/strong><\/strong><\/strong><\/strong><\/strong><\/strong><\/strong><\/strong><\/strong><br><\/summary>\n<ul class=\"wp-block-list ext-animate--on\">\n<li class=\"ext-animate--on\">Tyto informace o zpracov\u00e1n\u00ed osobn\u00edch \u00fadaj\u016f jsou platn\u00e9 a \u00fa\u010dinn\u00e9 ode dne <strong>6.3.2026<\/strong><\/li>\n\n\n\n<li class=\"ext-animate--on\">Spr\u00e1vce si vyhrazuje pr\u00e1vo tento dokument v p\u0159im\u011b\u0159en\u00e9m rozsahu aktualizovat.<br><\/li>\n<\/ul>\n<\/details>","protected":false},"excerpt":{"rendered":"<p>Z\u00e1sady ochrany osobn\u00edch \u00fadaj\u016f &#8211; GDPR<\/p>","protected":false},"author":1,"featured_media":0,"parent":0,"menu_order":0,"comment_status":"closed","ping_status":"closed","template":"","meta":{"om_disable_all_campaigns":false,"_monsterinsights_skip_tracking":false,"_monsterinsights_sitenote_active":false,"_monsterinsights_sitenote_note":"","_monsterinsights_sitenote_category":0,"_uf_show_specific_survey":0,"_uf_disable_surveys":false,"footnotes":""},"class_list":["post-3","page","type-page","status-publish","hentry"],"aioseo_notices":[],"_links":{"self":[{"href":"https:\/\/algardens.cz\/en\/wp-json\/wp\/v2\/pages\/3","targetHints":{"allow":["GET"]}}],"collection":[{"href":"https:\/\/algardens.cz\/en\/wp-json\/wp\/v2\/pages"}],"about":[{"href":"https:\/\/algardens.cz\/en\/wp-json\/wp\/v2\/types\/page"}],"author":[{"embeddable":true,"href":"https:\/\/algardens.cz\/en\/wp-json\/wp\/v2\/users\/1"}],"replies":[{"embeddable":true,"href":"https:\/\/algardens.cz\/en\/wp-json\/wp\/v2\/comments?post=3"}],"version-history":[{"count":3,"href":"https:\/\/algardens.cz\/en\/wp-json\/wp\/v2\/pages\/3\/revisions"}],"predecessor-version":[{"id":504,"href":"https:\/\/algardens.cz\/en\/wp-json\/wp\/v2\/pages\/3\/revisions\/504"}],"wp:attachment":[{"href":"https:\/\/algardens.cz\/en\/wp-json\/wp\/v2\/media?parent=3"}],"curies":[{"name":"wp","href":"https:\/\/api.w.org\/{rel}","templated":true}]}}