{"id":133,"date":"2026-03-01T13:19:12","date_gmt":"2026-03-01T12:19:12","guid":{"rendered":"https:\/\/algardens.cz\/casto-kladene-dotazy\/"},"modified":"2026-03-16T13:53:49","modified_gmt":"2026-03-16T12:53:49","slug":"faq","status":"publish","type":"page","link":"https:\/\/algardens.cz\/en\/faq\/","title":{"rendered":"FAQ"},"content":{"rendered":"<div class=\"wp-block-group alignfull is-style-ext-preset--group--natural-1--section has-background-background-color has-background has-global-padding is-layout-constrained wp-container-core-group-is-layout-e955bbaf wp-block-group-is-layout-constrained\" id=\"nejcastejsi-dotazy\" style=\"margin-top:0;margin-bottom:0;padding-top:var(--wp--preset--spacing--70);padding-bottom:var(--wp--preset--spacing--70)\">\n<div class=\"wp-block-group alignwide ext-is-logical-start has-global-padding is-content-justification-left is-layout-constrained wp-container-core-group-is-layout-20186816 wp-block-group-is-layout-constrained\">\n<h2 class=\"wp-block-heading ext-animate--on\">Bioklimatick\u00e9 pergoly na zak\u00e1zku<\/h2>\n\n\n\n<p class=\"ext-animate--on\">Zde najdete odpov\u011bdi na nej\u010dast\u011bj\u0161\u00ed dotazy, kter\u00e9 v\u00e1m usnadn\u00ed orientaci a v\u00fdb\u011br ide\u00e1ln\u00ed pergoly.<\/p>\n<\/div>\n\n\n\n<div class=\"wp-block-columns alignwide is-layout-flex wp-container-core-columns-is-layout-08c01c1c wp-block-columns-is-layout-flex\">\n<div class=\"wp-block-column ext-animate--on is-layout-flow wp-container-core-column-is-layout-119bc444 wp-block-column-is-layout-flow\">\n<div class=\"wp-block-group is-style-ext-preset--group--natural-1--item-card-1--align-start has-global-padding is-layout-constrained wp-block-group-is-layout-constrained is-style-ext-preset--group--natural-1--item-card-1--align-start--2\">\n<div class=\"wp-block-group is-style-default has-global-padding is-layout-constrained wp-block-group-is-layout-constrained\">\n<h3 class=\"wp-block-heading\">Jak\u00fd je proces n\u00e1vrhu bioklimatick\u00e9 pergoly?<\/h3>\n\n\n\n<p>Navrhujeme pergoly p\u0159esn\u011b podle va\u0161ich pot\u0159eb, s ohledem na zahradn\u00ed prost\u0159ed\u00ed i funk\u010dnost.<\/p>\n<\/div>\n<\/div>\n<\/div>\n\n\n\n<div class=\"wp-block-column ext-animate--on is-layout-flow wp-container-core-column-is-layout-119bc444 wp-block-column-is-layout-flow\">\n<div class=\"wp-block-group is-style-ext-preset--group--natural-1--item-card-1--align-start has-global-padding is-layout-constrained wp-block-group-is-layout-constrained is-style-ext-preset--group--natural-1--item-card-1--align-start--3\">\n<div class=\"wp-block-group is-style-default has-global-padding is-layout-constrained wp-block-group-is-layout-constrained\">\n<h3 class=\"wp-block-heading\">Jak\u00e9 materi\u00e1ly pou\u017e\u00edv\u00e1te pro konstrukci pergol?<\/h3>\n\n\n\n<p>Pou\u017e\u00edv\u00e1me kvalitn\u00ed hlin\u00edk a odoln\u00e9 sklo, kter\u00e9 zaru\u010duj\u00ed dlouhou \u017eivotnost a estetick\u00fd vzhled.<\/p>\n<\/div>\n<\/div>\n<\/div>\n<\/div>\n\n\n\n<div class=\"wp-block-columns alignwide is-layout-flex wp-container-core-columns-is-layout-967d05ff wp-block-columns-is-layout-flex\" style=\"margin-top:var(--wp--preset--spacing--40)\">\n<div class=\"wp-block-column ext-animate--on is-layout-flow wp-container-core-column-is-layout-119bc444 wp-block-column-is-layout-flow\">\n<div class=\"wp-block-group is-style-ext-preset--group--natural-1--item-card-1--align-start has-global-padding is-layout-constrained wp-block-group-is-layout-constrained is-style-ext-preset--group--natural-1--item-card-1--align-start--4\">\n<div class=\"wp-block-group is-style-default has-global-padding is-layout-constrained wp-block-group-is-layout-constrained\">\n<h3 class=\"wp-block-heading\">Lze pergolu p\u0159izp\u016fsobit r\u016fzn\u00fdm typ\u016fm zahrad?<\/h3>\n\n\n\n<p>Ano, na\u0161e pergoly jsou navr\u017eeny tak, aby harmonicky zapadly do r\u016fzn\u00fdch zahradn\u00edch styl\u016f a prostor.<\/p>\n<\/div>\n<\/div>\n<\/div>\n\n\n\n<div class=\"wp-block-column ext-animate--on is-layout-flow wp-container-core-column-is-layout-119bc444 wp-block-column-is-layout-flow\">\n<div class=\"wp-block-group is-style-ext-preset--group--natural-1--item-card-1--align-start has-global-padding is-layout-constrained wp-block-group-is-layout-constrained is-style-ext-preset--group--natural-1--item-card-1--align-start--5\">\n<div class=\"wp-block-group is-style-default has-global-padding is-layout-constrained wp-block-group-is-layout-constrained\">\n<h3 class=\"wp-block-heading\">Jak prob\u00edh\u00e1 instalace pergoly?<\/h3>\n\n\n\n<p>Instalace je rychl\u00e1 a profesion\u00e1ln\u00ed, p\u0159i\u010dem\u017e db\u00e1me na minim\u00e1ln\u00ed z\u00e1sah do va\u0161eho okol\u00ed. Standardn\u00ed pergolu postav\u00edme b\u011bhem 1 dne.<\/p>\n<\/div>\n<\/div>\n<\/div>\n<\/div>\n\n\n\n<div class=\"wp-block-columns alignwide is-layout-flex wp-container-core-columns-is-layout-967d05ff wp-block-columns-is-layout-flex\" style=\"margin-top:var(--wp--preset--spacing--40)\">\n<div class=\"wp-block-column ext-animate--on is-layout-flow wp-container-core-column-is-layout-119bc444 wp-block-column-is-layout-flow\">\n<div class=\"wp-block-group is-style-ext-preset--group--natural-1--item-card-1--align-start has-global-padding is-layout-constrained wp-block-group-is-layout-constrained is-style-ext-preset--group--natural-1--item-card-1--align-start--6\">\n<div class=\"wp-block-group is-style-default has-global-padding is-layout-constrained wp-block-group-is-layout-constrained\">\n<h3 class=\"wp-block-heading\">Nab\u00edz\u00edte i dal\u0161\u00ed zahradn\u00ed produkty?<\/h3>\n\n\n\n<p>Ano, krom\u011b pergol nab\u00edz\u00edme tak\u00e9 zasklen\u00ed, slunolamy, screenov\u00e9 rolety a vyv\u00fd\u0161en\u00e9 hlin\u00edkov\u00e9 z\u00e1hony na m\u00edru.<\/p>\n<\/div>\n<\/div>\n<\/div>\n\n\n\n<div class=\"wp-block-column ext-animate--on is-layout-flow wp-container-core-column-is-layout-119bc444 wp-block-column-is-layout-flow\">\n<div class=\"wp-block-group is-style-ext-preset--group--natural-1--item-card-1--align-start has-global-padding is-layout-constrained wp-block-group-is-layout-constrained is-style-ext-preset--group--natural-1--item-card-1--align-start--7\">\n<div class=\"wp-block-group is-style-default has-global-padding is-layout-constrained wp-block-group-is-layout-constrained\">\n<h3 class=\"wp-block-heading\">Jak\u00e1 je doba dod\u00e1n\u00ed pergoly?<\/h3>\n\n\n\n<p>Obvykl\u00e1 doba realizace je 3 a\u017e 6 t\u00fddn\u016f v z\u00e1vislosti na rozsahu zak\u00e1zky.<\/p>\n<\/div>\n<\/div>\n<\/div>\n<\/div>\n<\/div>","protected":false},"excerpt":{"rendered":"<p>Bioklimatick\u00e9 pergoly na zak\u00e1zku Zde najdete odpov\u011bdi na nej\u010dast\u011bj\u0161\u00ed dotazy, kter\u00e9 v\u00e1m usnadn\u00ed orientaci a v\u00fdb\u011br ide\u00e1ln\u00ed pergoly. Lze pergolu p\u0159izp\u016fsobit r\u016fzn\u00fdm typ\u016fm zahrad? Ano, na\u0161e pergoly jsou navr\u017eeny tak, aby harmonicky zapadly do r\u016fzn\u00fdch zahradn\u00edch styl\u016f a prostor. Jak prob\u00edh\u00e1 instalace pergoly? Instalace je rychl\u00e1 a profesion\u00e1ln\u00ed, p\u0159i\u010dem\u017e db\u00e1me na minim\u00e1ln\u00ed z\u00e1sah do va\u0161eho [&hellip;]<\/p>\n","protected":false},"author":1,"featured_media":0,"parent":0,"menu_order":0,"comment_status":"closed","ping_status":"closed","template":"","meta":{"om_disable_all_campaigns":false,"_monsterinsights_skip_tracking":false,"_monsterinsights_sitenote_active":false,"_monsterinsights_sitenote_note":"","_monsterinsights_sitenote_category":0,"_uf_show_specific_survey":0,"_uf_disable_surveys":false,"footnotes":""},"class_list":["post-133","page","type-page","status-publish","hentry"],"aioseo_notices":[],"_links":{"self":[{"href":"https:\/\/algardens.cz\/en\/wp-json\/wp\/v2\/pages\/133","targetHints":{"allow":["GET"]}}],"collection":[{"href":"https:\/\/algardens.cz\/en\/wp-json\/wp\/v2\/pages"}],"about":[{"href":"https:\/\/algardens.cz\/en\/wp-json\/wp\/v2\/types\/page"}],"author":[{"embeddable":true,"href":"https:\/\/algardens.cz\/en\/wp-json\/wp\/v2\/users\/1"}],"replies":[{"embeddable":true,"href":"https:\/\/algardens.cz\/en\/wp-json\/wp\/v2\/comments?post=133"}],"version-history":[{"count":16,"href":"https:\/\/algardens.cz\/en\/wp-json\/wp\/v2\/pages\/133\/revisions"}],"predecessor-version":[{"id":887,"href":"https:\/\/algardens.cz\/en\/wp-json\/wp\/v2\/pages\/133\/revisions\/887"}],"wp:attachment":[{"href":"https:\/\/algardens.cz\/en\/wp-json\/wp\/v2\/media?parent=133"}],"curies":[{"name":"wp","href":"https:\/\/api.w.org\/{rel}","templated":true}]}}