{"id":129,"date":"2026-03-01T13:19:07","date_gmt":"2026-03-01T12:19:07","guid":{"rendered":"https:\/\/algardens.cz\/kontakt\/"},"modified":"2026-03-16T13:52:19","modified_gmt":"2026-03-16T12:52:19","slug":"kontakt","status":"publish","type":"page","link":"https:\/\/algardens.cz\/en\/kontakt\/","title":{"rendered":"Kontakt"},"content":{"rendered":"\n<div class=\"wp-block-group alignfull is-style-ext-preset--group--natural-1--section ext-animate--off has-background has-global-padding is-layout-constrained wp-container-core-group-is-layout-b22a53da wp-block-group-is-layout-constrained\" id=\"kontakt\" style=\"background-color:#202020;margin-top:0;margin-bottom:0;padding-top:var(--wp--preset--spacing--50);padding-right:0;padding-bottom:var(--wp--preset--spacing--50);padding-left:0\">\n<div class=\"wp-block-group ext-animate--on has-global-padding is-layout-constrained wp-block-group-is-layout-constrained\">\n<div class=\"wp-block-group alignwide ext-animate--off has-global-padding is-layout-constrained wp-container-core-group-is-layout-48493932 wp-block-group-is-layout-constrained\" style=\"padding-top:var(--wp--preset--spacing--55);padding-right:var(--wp--preset--spacing--55);padding-bottom:var(--wp--preset--spacing--55);padding-left:var(--wp--preset--spacing--55)\"><div class=\"is-default-size ext-animate--on wp-block-site-logo\"><a href=\"https:\/\/algardens.cz\/en\/\" class=\"custom-logo-link\" rel=\"home\"><img loading=\"lazy\" decoding=\"async\" width=\"2560\" height=\"292\" src=\"https:\/\/algardens.cz\/wp-content\/uploads\/2026\/03\/white_logo_transparent_background-9-scaled.png\" class=\"custom-logo\" alt=\"\" srcset=\"https:\/\/algardens.cz\/wp-content\/uploads\/2026\/03\/white_logo_transparent_background-9-scaled.png 2560w, https:\/\/algardens.cz\/wp-content\/uploads\/2026\/03\/white_logo_transparent_background-9-300x34.png 300w, https:\/\/algardens.cz\/wp-content\/uploads\/2026\/03\/white_logo_transparent_background-9-1024x117.png 1024w, https:\/\/algardens.cz\/wp-content\/uploads\/2026\/03\/white_logo_transparent_background-9-768x88.png 768w, https:\/\/algardens.cz\/wp-content\/uploads\/2026\/03\/white_logo_transparent_background-9-1536x175.png 1536w, https:\/\/algardens.cz\/wp-content\/uploads\/2026\/03\/white_logo_transparent_background-9-2048x234.png 2048w, https:\/\/algardens.cz\/wp-content\/uploads\/2026\/03\/white_logo_transparent_background-9-18x2.png 18w\" sizes=\"auto, (max-width: 2560px) 100vw, 2560px\" \/><\/a><\/div>\n\n<div class='fluentform ff-default fluentform_wrapper_4 ext-animate--on ff_guten_block ff_guten_block-4 ffs_default_wrap'><form data-form_id=\"4\" id=\"fluentform_4\" class=\"frm-fluent-form fluent_form_4 ff-el-form-top ff_form_instance_4_1 ff-form-loading ffs_default\" data-form_instance=\"ff_form_instance_4_1\" method=\"POST\" ><fieldset  style=\"border: none!important;margin: 0!important;padding: 0!important;background-color: transparent!important;box-shadow: none!important;outline: none!important; min-inline-size: 100%;\">\n                    <legend class=\"ff_screen_reader_title\" style=\"display: block; margin: 0!important;padding: 0!important;height: 0!important;text-indent: -999999px;width: 0!important;overflow:hidden;\">Kontaktn\u00ed formul\u00e1\u0159<\/legend><input type='hidden' name='__fluent_form_embded_post_id' value='129' \/><input type=\"hidden\" id=\"_fluentform_4_fluentformnonce\" name=\"_fluentform_4_fluentformnonce\" value=\"2b15d04a77\" \/><input type=\"hidden\" name=\"_wp_http_referer\" value=\"\/en\/wp-json\/wp\/v2\/pages\/129\" \/><div data-type=\"name-element\" data-name=\"names\" class=\" ff-field_container ff-name-field-wrapper\" ><div class='ff-t-container'><div class='ff-t-cell '><div class='ff-el-group ff-el-form-top'><div class=\"ff-el-input--label ff-el-is-required asterisk-right\"><label for='ff_4_names_first_name_' id='label_ff_4_names_first_name_' >Jm\u00e9no<\/label><\/div><div class='ff-el-input--content'><input type=\"text\" name=\"names[first_name]\" id=\"ff_4_names_first_name_\" class=\"ff-el-form-control\" placeholder=\"Jm\u00e9no\" aria-invalid=\"false\" aria-required=true><\/div><\/div><\/div><div class='ff-t-cell '><div class='ff-el-group ff-el-form-top'><div class=\"ff-el-input--label ff-el-is-required asterisk-right\"><label for='ff_4_names_last_name_' id='label_ff_4_names_last_name_' >P\u0159\u00edjmen\u00ed<\/label><\/div><div class='ff-el-input--content'><input type=\"text\" name=\"names[last_name]\" id=\"ff_4_names_last_name_\" class=\"ff-el-form-control\" placeholder=\"P\u0159\u00edjmen\u00ed\" aria-invalid=\"false\" aria-required=true><\/div><\/div><\/div><\/div><\/div><div class='ff-el-group'><div class=\"ff-el-input--label ff-el-is-required asterisk-right\"><label for='ff_4_email' id='label_ff_4_email' aria-label=\"Email\">Email<\/label><\/div><div class='ff-el-input--content'><input type=\"email\" name=\"email\" id=\"ff_4_email\" class=\"ff-el-form-control\" placeholder=\"Emailov\u00e1 adresa\" data-name=\"email\"  aria-invalid=\"false\" aria-required=true><\/div><\/div><div class='ff-el-group'><div class=\"ff-el-input--label asterisk-right\"><label for='ff_4_numeric_field' id='label_ff_4_numeric_field' aria-label=\"Telefonn\u00ed \u010d\u00edslo\">Telefonn\u00ed \u010d\u00edslo<\/label><\/div><div class='ff-el-input--content'><input type=\"number\" name=\"numeric_field\" id=\"ff_4_numeric_field\" class=\"ff-el-form-control\" placeholder=\"Telefonn\u00ed \u010d\u00edslo\" data-name=\"numeric_field\" inputmode=\"numeric\" step=\"any\"  aria-invalid=\"false\" aria-required=false><\/div><\/div><div class=\"ff-name-address-wrapper fluent-address\" data-type=\"address-element\" data-name=\"address_1\" ><div class='ff-el-input--label'><label aria-label=\"Adresa\">Adresa<\/label><\/div><div class='ff-el-input--content'><div class='ff-t-container'><div class='ff-t-cell'><div class='ff-el-group ff-el-form-hide_label'><div class=\"ff-el-input--label asterisk-right\"><label for='ff_4_address_1_address_line_1_' id='label_ff_4_address_1_address_line_1_' aria-label=\"Adresa\">Adresa<\/label><\/div><div class='ff-el-input--content'><input type=\"text\" name=\"address_1[address_line_1]\" id=\"ff_4_address_1_address_line_1_\" class=\"ff-el-form-control\" placeholder=\"Adresa a \u010d\u00edslo popisn\u00e9\" data-key_name=\"address_line_1\"  aria-invalid=\"false\" aria-required=false><\/div><\/div><\/div><div class='ff-t-cell'><div class='ff-el-group ff-el-form-hide_label'><div class=\"ff-el-input--label asterisk-right\"><label for='ff_4_address_1_city_' id='label_ff_4_address_1_city_' aria-label=\"City\">City<\/label><\/div><div class='ff-el-input--content'><input type=\"text\" name=\"address_1[city]\" id=\"ff_4_address_1_city_\" class=\"ff-el-form-control\" placeholder=\"M\u011bsto\" data-key_name=\"city\"  aria-invalid=\"false\" aria-required=false><\/div><\/div><\/div><\/div><div class='ff-t-container'><div class='ff-t-cell'><div class='ff-el-group ff-el-form-hide_label'><div class=\"ff-el-input--label asterisk-right\"><label for='ff_4_address_1_zip_' id='label_ff_4_address_1_zip_' aria-label=\"PS\u010c\">PS\u010c<\/label><\/div><div class='ff-el-input--content'><input type=\"text\" name=\"address_1[zip]\" id=\"ff_4_address_1_zip_\" class=\"ff-el-form-control\" placeholder=\"Sm\u011brovac\u00ed \u010d\u00edslo\" data-key_name=\"zip\"  aria-invalid=\"false\" aria-required=false><\/div><\/div><\/div><\/div><\/div><\/div><div class='ff-el-group'><div class=\"ff-el-input--label ff-el-is-required asterisk-right\"><label   aria-label=\"Produkt\">Produkt<\/label><\/div><div class='ff-el-input--content'><div class='ff-el-form-check ff-el-form-check-'><label class='ff-el-form-check-label' for='checkbox_282feaacf98b2e5507aaa27bd998d64c'><input  type=\"checkbox\" name=\"checkbox[]\" data-name=\"checkbox\" class=\"ff-el-form-check-input ff-el-form-check-checkbox\" value=\"Pergola\"  id='checkbox_282feaacf98b2e5507aaa27bd998d64c' aria-label='Pergola' aria-invalid='false' aria-required=true> <span>Pergola<\/span><\/label><\/div><div class='ff-el-form-check ff-el-form-check-'><label class='ff-el-form-check-label' for='checkbox_878e9f180b043ea0524649cc3585fedf'><input  type=\"checkbox\" name=\"checkbox[]\" data-name=\"checkbox\" class=\"ff-el-form-check-input ff-el-form-check-checkbox\" value=\"Zasklen\u00ed\"  id='checkbox_878e9f180b043ea0524649cc3585fedf' aria-label='Zasklen\u00ed' aria-invalid='false' aria-required=true> <span>Zasklen\u00ed<\/span><\/label><\/div><div class='ff-el-form-check ff-el-form-check-'><label class='ff-el-form-check-label' for='checkbox_2d8f8bb5630501e74a25dba21d02a995'><input  type=\"checkbox\" name=\"checkbox[]\" data-name=\"checkbox\" class=\"ff-el-form-check-input ff-el-form-check-checkbox\" value=\"Screen\/Slunolam\"  id='checkbox_2d8f8bb5630501e74a25dba21d02a995' aria-label='Screen\/Slunolam' aria-invalid='false' aria-required=true> <span>Screen\/Slunolam<\/span><\/label><\/div><div class='ff-el-form-check ff-el-form-check-'><label class='ff-el-form-check-label' for='checkbox_99d2cdfb77c53ba11211f4ec128da02c'><input  type=\"checkbox\" name=\"checkbox[]\" data-name=\"checkbox\" class=\"ff-el-form-check-input ff-el-form-check-checkbox\" value=\"Z\u00e1hony\"  id='checkbox_99d2cdfb77c53ba11211f4ec128da02c' aria-label='Z\u00e1hony' aria-invalid='false' aria-required=true> <span>Z\u00e1hony<\/span><\/label><\/div><div class='ff-el-form-check ff-el-form-check-'><label class='ff-el-form-check-label' for='checkbox_57b4f05fe6ea80c419ca54f3d2d050fa'><input  type=\"checkbox\" name=\"checkbox[]\" data-name=\"checkbox\" class=\"ff-el-form-check-input ff-el-form-check-checkbox\" value=\"Ostatn\u00ed\"  id='checkbox_57b4f05fe6ea80c419ca54f3d2d050fa' aria-label='Ostatn\u00ed' aria-invalid='false' aria-required=true> <span>Ostatn\u00ed<\/span><\/label><\/div><\/div><\/div><div class='ff-el-group'><div class=\"ff-el-input--label asterisk-right\"><label for='ff_4_input_text' id='label_ff_4_input_text' aria-label=\"Dotaz\">Dotaz<\/label><\/div><div class='ff-el-input--content'><input type=\"text\" name=\"input_text\" class=\"ff-el-form-control\" placeholder=\"Napi\u0161t\u011b sv\u016fj dotaz\" data-name=\"input_text\" id=\"ff_4_input_text\"  aria-invalid=\"false\" aria-required=false><\/div><\/div><div class='ff-el-group    ff-el-input--content'><div class='ff-el-form-check ff-el-tc'><label aria-label='Terms and Conditions: P\u0159e\u010detl\/a jsem si a souhlas\u00edm s Obchodn\u00edmi podm\u00ednkami a Z\u00e1sadami ochrany osobn\u00edch \u00fadaj\u016f Contains 2 links. Use tab navigation to review.' class='ff-el-form-check-label ff_tc_label' for=terms-n-condition_58a66f93910b0fc9a3d44a56fca83685><span class='ff_tc_checkbox'><input type=\"checkbox\" name=\"terms-n-condition\" class=\"ff-el-form-check-input\" data-name=\"terms-n-condition\" id=\"terms-n-condition_58a66f93910b0fc9a3d44a56fca83685\"  value='on' aria-invalid='false' aria-required=false><\/span> <div class='ff_t_c'><p>P\u0159e\u010detl\/a jsem si a souhlas\u00edm s <a href=\"https:\/\/algardens.cz\/vop-a-reklamacni-rad\/\">Obchodn\u00edmi podm\u00ednkami<\/a> a <a href=\"https:\/\/algardens.cz\/privacy-policy\/\">Z\u00e1sadami ochrany osobn\u00edch \u00fadaj\u016f<\/a><\/p><\/div><\/label><\/div><\/div><div class='ff-el-group    ff-el-input--content'><div class='ff-el-form-check ff-el-tc'><label aria-label='Souhlas\u00edm se zpracov\u00e1n\u00edm mnou poskytnut\u00fdch \u00fadaj\u016f za \u00fa\u010delem odpov\u011bdi na m\u016fj dotaz' class='ff-el-form-check-label ff_tc_label' for=gdpr-agreement_3c229cf9ea8aec4b64e8c1adcb1c9cfb><span class='ff_tc_checkbox'><input type=\"checkbox\" name=\"gdpr-agreement\" class=\"ff-el-form-check-input ff_gdpr_field\" data-name=\"gdpr-agreement\" id=\"gdpr-agreement_3c229cf9ea8aec4b64e8c1adcb1c9cfb\"  value='on' aria-invalid='false' aria-required=true><\/span> <div class='ff_t_c'>Souhlas\u00edm se zpracov\u00e1n\u00edm mnou poskytnut\u00fdch \u00fadaj\u016f za \u00fa\u010delem odpov\u011bdi na m\u016fj dotaz<\/div><\/label><\/div><\/div><div class='ff-el-group ff-text-center ff_submit_btn_wrapper'><button type=\"submit\" class=\"ff-btn ff-btn-submit ff-btn-lg ff_btn_style wpf_has_custom_css\"  aria-label=\"Odeslat popt\u00e1vku\">Odeslat popt\u00e1vku<\/button><\/div><\/fieldset><\/form><div id='fluentform_4_errors' class='ff-errors-in-stack ff_form_instance_4_1 ff-form-loading_errors ff_form_instance_4_1_errors'><\/div><\/div>            <script type=\"text\/javascript\">\n                window.fluent_form_ff_form_instance_4_1 = {\"id\":\"4\",\"settings\":{\"layout\":{\"labelPlacement\":\"top\",\"asteriskPlacement\":\"asterisk-right\",\"helpMessagePlacement\":\"with_label\",\"errorMessagePlacement\":\"inline\",\"cssClassName\":\"\"},\"restrictions\":{\"denyEmptySubmission\":{\"enabled\":false}}},\"form_instance\":\"ff_form_instance_4_1\",\"form_id_selector\":\"fluentform_4\",\"rules\":{\"names[first_name]\":{\"required\":{\"value\":true,\"message\":\"This field is required\",\"global_message\":\"This field is required\",\"global\":true}},\"names[middle_name]\":{\"required\":{\"value\":false,\"message\":\"This field is required\",\"global_message\":\"This field is required\",\"global\":true}},\"names[last_name]\":{\"required\":{\"value\":true,\"message\":\"This field is required\",\"global_message\":\"This field is required\",\"global\":true}},\"email\":{\"required\":{\"value\":true,\"message\":\"This field is required\",\"global_message\":\"This field is required\",\"global\":true},\"email\":{\"value\":true,\"message\":\"This field must contain a valid email\",\"global_message\":\"This field must contain a valid email\",\"global\":true}},\"numeric_field\":{\"required\":{\"value\":false,\"message\":\"This field is required\",\"global_message\":\"This field is required\",\"global\":true},\"numeric\":{\"value\":true,\"message\":\"This field must contain numeric value\",\"global_message\":\"This field must contain numeric value\",\"global\":true},\"min\":{\"value\":\"\",\"message\":\"Validation fails for minimum value\",\"global_message\":\"Validation fails for minimum value\",\"global\":true},\"max\":{\"value\":\"\",\"message\":\"Validation fails for maximum value\",\"global_message\":\"Validation fails for maximum value\",\"global\":true},\"digits\":{\"value\":\"\",\"message\":\"Validation fails for limited digits\",\"global_message\":\"Validation fails for limited digits\",\"global\":true}},\"address_1[address_line_1]\":{\"required\":{\"value\":false,\"message\":\"This field is required\",\"global_message\":\"This field is required\",\"global\":true}},\"address_1[address_line_2]\":{\"required\":{\"value\":false,\"message\":\"This field is required\",\"global_message\":\"This field is required\",\"global\":true}},\"address_1[city]\":{\"required\":{\"value\":false,\"message\":\"This field is required\",\"global_message\":\"This field is required\",\"global\":true}},\"address_1[state]\":{\"required\":{\"value\":false,\"message\":\"This field is required\",\"global_message\":\"This field is required\",\"global\":true}},\"address_1[zip]\":{\"required\":{\"value\":false,\"message\":\"This field is required\",\"global_message\":\"This field is required\",\"global\":true}},\"address_1[country]\":{\"required\":{\"value\":false,\"message\":\"This field is required\",\"global_message\":\"This field is required\",\"global\":true}},\"checkbox\":{\"required\":{\"value\":true,\"message\":\"This field is required\",\"global_message\":\"This field is required\",\"global\":true}},\"input_text\":{\"required\":{\"value\":false,\"message\":\"This field is required\",\"global_message\":\"This field is required\",\"global\":true}},\"terms-n-condition\":{\"required\":{\"value\":false,\"message\":\"This field is required\",\"global_message\":\"This field is required\",\"global\":true}},\"gdpr-agreement\":{\"required\":{\"value\":true,\"message\":\"This field is required\",\"global_message\":\"This field is required\",\"global\":true}}},\"debounce_time\":300};\n                            <\/script>\n            <\/div>\n<\/div>\n<\/div>\n\n\n\n<div class=\"wp-block-group ext-animate--on is-content-justification-center is-nowrap is-layout-flex wp-container-core-group-is-layout-fe554740 wp-block-group-is-layout-flex\" style=\"padding-right:0;padding-left:0\">\n<h2 class=\"wp-block-heading ext-animate--on\">Otev\u00edrac\u00ed doba<\/h2>\n\n\n\n<h2 class=\"wp-block-heading ext-animate--on\">Faktura\u010dn\u00ed \u00fadaje<\/h2>\n<\/div>\n\n\n\n<div class=\"wp-block-columns ext-animate--on is-layout-flex wp-container-core-columns-is-layout-28f84493 wp-block-columns-is-layout-flex\">\n<div class=\"wp-block-column ext-animate--on is-layout-flow wp-block-column-is-layout-flow\">\n<ul class=\"wp-block-list ext-animate--on\">\n<li>Po telefonick\u00e9 \u010di emailov\u00e9 domluv\u011b:<\/li>\n\n\n\n<li class=\"ext-animate--on\">Info@algardens.cz<\/li>\n\n\n\n<li class=\"ext-animate--on\">+420 777 261 630 <br><\/li>\n<\/ul>\n<\/div>\n\n\n\n<div class=\"wp-block-column ext-animate--on is-layout-flow wp-block-column-is-layout-flow\">\n<ul class=\"wp-block-list ext-animate--on\">\n<li class=\"ext-animate--on\">N\u00e1zev: ALGardens byKubajz<\/li>\n\n\n\n<li class=\"ext-animate--on\">I\u010cO: 07199449<\/li>\n\n\n\n<li class=\"ext-animate--on\">S\u00eddlo: H\u00e1je 21,26101<\/li>\n<\/ul>\n<\/div>\n<\/div>\n","protected":false},"excerpt":{"rendered":"<p>Otev\u00edrac\u00ed doba Faktura\u010dn\u00ed \u00fadaje<\/p>","protected":false},"author":1,"featured_media":0,"parent":0,"menu_order":0,"comment_status":"closed","ping_status":"closed","template":"page-with-title","meta":{"om_disable_all_campaigns":false,"_monsterinsights_skip_tracking":false,"_monsterinsights_sitenote_active":false,"_monsterinsights_sitenote_note":"","_monsterinsights_sitenote_category":0,"_uf_show_specific_survey":0,"_uf_disable_surveys":false,"footnotes":""},"class_list":["post-129","page","type-page","status-publish","hentry"],"aioseo_notices":[],"_links":{"self":[{"href":"https:\/\/algardens.cz\/en\/wp-json\/wp\/v2\/pages\/129","targetHints":{"allow":["GET"]}}],"collection":[{"href":"https:\/\/algardens.cz\/en\/wp-json\/wp\/v2\/pages"}],"about":[{"href":"https:\/\/algardens.cz\/en\/wp-json\/wp\/v2\/types\/page"}],"author":[{"embeddable":true,"href":"https:\/\/algardens.cz\/en\/wp-json\/wp\/v2\/users\/1"}],"replies":[{"embeddable":true,"href":"https:\/\/algardens.cz\/en\/wp-json\/wp\/v2\/comments?post=129"}],"version-history":[{"count":7,"href":"https:\/\/algardens.cz\/en\/wp-json\/wp\/v2\/pages\/129\/revisions"}],"predecessor-version":[{"id":884,"href":"https:\/\/algardens.cz\/en\/wp-json\/wp\/v2\/pages\/129\/revisions\/884"}],"wp:attachment":[{"href":"https:\/\/algardens.cz\/en\/wp-json\/wp\/v2\/media?parent=129"}],"curies":[{"name":"wp","href":"https:\/\/api.w.org\/{rel}","templated":true}]}}